{"id":5407,"date":"2022-05-04T09:48:48","date_gmt":"2022-05-04T09:48:48","guid":{"rendered":"https:\/\/veiligthuiszl.nl\/?page_id=5407"},"modified":"2022-05-04T09:49:31","modified_gmt":"2022-05-04T09:49:31","slug":"leaflets-and-signal-cards","status":"publish","type":"page","link":"https:\/\/veiligthuiszl.nl\/en\/leaflets-and-signal-cards\/","title":{"rendered":"Leaflets and signal cards"},"content":{"rendered":"\r\n<div class=\"eye-block eye_empty_space eye_empty_space--extralarge emptyspace--xl\" ><\/div>\n\n\n<h1 class=\"wp-block-heading\">Leaflets and signal cards<\/h1>\n\n\n\r\n<div class=\"eye-block eye_empty_space eye_empty_space--small pt-md-3 pb-md-3 pt-2 pb-2\" ><\/div>\n\n\r\n<div class=\"eye-block listcard \">\r\n\r\n    <div class=\"innercard card--blue \">\r\n        <div class=\"row\">\r\n            <div class=\"col-lg\">\r\n                <h2>Signalcards (in Dutch)<\/h2>\r\n                <div class=\"description\">\r\n                                    <\/div>\r\n        <\/div>\r\n\r\n            <\/div>\r\n\r\n    <div class=\"row\">\r\n        <div class=\"col-12\">\r\n\r\n            \r\n                \r\n                    <ul class=\"listcard__list\">\r\n                                                    <li class=\"li--link\">\r\n                                <a href=\"https:\/\/veiligthuiszl.nl\/wp-content\/uploads\/2021\/11\/Folder-Kindermishandeling_kind_digitaal.pdf\" target=\"_blank\">\r\n                                    Kindermishandeling &#8211; tot 12 jaar                                <\/a>\r\n                            <\/li>\r\n                                                    <li class=\"li--link\">\r\n                                <a href=\"https:\/\/veiligthuiszl.nl\/wp-content\/uploads\/2021\/11\/Folder-Kindermishandeling_jongere_digitaal.pdf\" target=\"_blank\">\r\n                                    Kindermishandeling &#8211; 12 tot 18 jaar                                <\/a>\r\n                            <\/li>\r\n                                                    <li class=\"li--link\">\r\n                                <a href=\"https:\/\/veiligthuiszl.nl\/wp-content\/uploads\/2021\/11\/Signaalkaart-ouderenmishandeling_A6_WEB.pdf\" target=\"_blank\">\r\n                                    Ouderenmishandeling                                <\/a>\r\n                            <\/li>\r\n                                            <\/ul>\r\n\r\n                \r\n            \r\n        <\/div>\r\n    <\/div>\r\n\r\n<\/div>\r\n\r\n<\/div>\n\n\r\n<div class=\"eye-block listcard \">\r\n\r\n    <div class=\"innercard card--darkblue \">\r\n        <div class=\"row\">\r\n            <div class=\"col-lg\">\r\n                <h2>Leaflets (in Dutch)<\/h2>\r\n                <div class=\"description\">\r\n                                    <\/div>\r\n        <\/div>\r\n\r\n            <\/div>\r\n\r\n    <div class=\"row\">\r\n        <div class=\"col-12\">\r\n\r\n            \r\n                \r\n                    <ul class=\"listcard__list\">\r\n                                                    <li class=\"li--link\">\r\n                                <a href=\"https:\/\/veiligthuiszl.nl\/wp-content\/uploads\/2021\/11\/Folder_Veilig-Thuis_algemeen.pdf\" target=\"_blank\">\r\n                                    Over Veilig Thuis                                <\/a>\r\n                            <\/li>\r\n                                                    <li class=\"li--link\">\r\n                                <a href=\"https:\/\/veiligthuiszl.nl\/wp-content\/uploads\/2021\/11\/Folder-VT-na-reguliere-melding.pdf\" target=\"_blank\">\r\n                                    Veilig Thuis heeft een melding ontvangen van iemand die zich zorgen maakt over u of uw gezin                                <\/a>\r\n                            <\/li>\r\n                                                    <li class=\"li--link\">\r\n                                <a href=\"https:\/\/veiligthuiszl.nl\/wp-content\/uploads\/2021\/11\/Folder_Veilig-Thuis_Jongeren-vanaf-12-jaar.pdf\" target=\"_blank\">\r\n                                    Informatie voor jongeren vanaf 12 jaar                                <\/a>\r\n                            <\/li>\r\n                                                    <li class=\"li--link\">\r\n                                <a href=\"https:\/\/veiligthuiszl.nl\/wp-content\/uploads\/2021\/11\/Signaalkaart-Kindermishandeling_digitaal.pdf\" target=\"_blank\">\r\n                                    Meldcode                                <\/a>\r\n                            <\/li>\r\n                                            <\/ul>\r\n\r\n                \r\n            \r\n        <\/div>\r\n    <\/div>\r\n\r\n<\/div>\r\n\r\n<\/div>\n\n\r\n<div class=\"eye-block listcard \">\r\n\r\n    <div class=\"innercard card--white \">\r\n        <div class=\"row\">\r\n            <div class=\"col-lg\">\r\n                <h3>Leaflets &#8211; English<\/h3>\r\n                <div class=\"description\">\r\n                                    <\/div>\r\n        <\/div>\r\n\r\n            <\/div>\r\n\r\n    <div class=\"row\">\r\n        <div class=\"col-12\">\r\n\r\n            \r\n                \r\n                    <ul class=\"listcard__list\">\r\n                                                    <li class=\"li--link\">\r\n                                <a href=\"https:\/\/veiligthuiszl.nl\/wp-content\/uploads\/2021\/11\/20210408-Engels-als-de-zorg-te-veel-is.pdf\" target=\"_blank\">\r\n                                    When care becomes a burden                                <\/a>\r\n                            <\/li>\r\n                                                    <li class=\"li--link\">\r\n                                <a href=\"https:\/\/veiligthuiszl.nl\/wp-content\/uploads\/2021\/11\/20210409-Engelse-folder-algemeen-def.pdf\" target=\"_blank\">\r\n                                    It won&#8217;t stop until you act (Engels\/English)                                <\/a>\r\n                            <\/li>\r\n                                                    <li class=\"li--link\">\r\n                                <a href=\"https:\/\/veiligthuiszl.nl\/wp-content\/uploads\/2021\/11\/20210412-engelse-folder-geweld-raakt-kinderen_mc.pdf\" target=\"_blank\">\r\n                                    Domestic violence affects children                                <\/a>\r\n                            <\/li>\r\n                                                    <li class=\"li--link\">\r\n                                <a href=\"https:\/\/veiligthuiszl.nl\/wp-content\/uploads\/2021\/11\/20210409-engelse-folder-financieel-misbruik-ouderen.pdf\" target=\"_blank\">\r\n                                    Financial abuse of the elderly                                <\/a>\r\n                            <\/li>\r\n                                                    <li class=\"li--link\">\r\n                                <a href=\"https:\/\/veiligthuiszl.nl\/wp-content\/uploads\/2021\/11\/20210419-Engelse-folder-na-een-melding-veilig-thuis-def.pdf\" target=\"_blank\">\r\n                                    After a report to Safe Home                                <\/a>\r\n                            <\/li>\r\n                                                    <li class=\"li--link\">\r\n                                <a href=\"https:\/\/veiligthuiszl.nl\/wp-content\/uploads\/2021\/11\/20210409-Engelse-folder-ouderenmishandeling.pdf\" target=\"_blank\">\r\n                                    Elder abuse                                <\/a>\r\n                            <\/li>\r\n                                            <\/ul>\r\n\r\n                \r\n            \r\n        <\/div>\r\n    <\/div>\r\n\r\n<\/div>\r\n\r\n<\/div>\n\n\r\n<div class=\"eye-block listcard \">\r\n\r\n    <div class=\"innercard card--white \">\r\n        <div class=\"row\">\r\n            <div class=\"col-lg\">\r\n                <h3>Ulotki broszury &#8211; Polski<\/h3>\r\n                <div class=\"description\">\r\n                                    <\/div>\r\n        <\/div>\r\n\r\n            <\/div>\r\n\r\n    <div class=\"row\">\r\n        <div class=\"col-12\">\r\n\r\n            \r\n                \r\n                    <ul class=\"listcard__list\">\r\n                                                    <li class=\"li--link\">\r\n                                <a href=\"https:\/\/veiligthuiszl.nl\/wp-content\/uploads\/2021\/11\/20210409-poolse-folder-algemeen.pdf\" target=\"_blank\">\r\n                                    Og\u00f3lny (Polski)                                <\/a>\r\n                            <\/li>\r\n                                                    <li class=\"li--link\">\r\n                                <a href=\"https:\/\/veiligthuiszl.nl\/wp-content\/uploads\/2021\/11\/20210409-Poolse-folder-als-de-zorg-teveel-is.pdf\" target=\"_blank\">\r\n                                    Je\u015bli opieka staje si\u0119 za du\u017cym obci\u0105\u017ceniem (Polski)                                <\/a>\r\n                            <\/li>\r\n                                                    <li class=\"li--link\">\r\n                                <a href=\"https:\/\/veiligthuiszl.nl\/wp-content\/uploads\/2021\/11\/20210409-Poolse-folder-geweld-raakt-kinderen.pdf\" target=\"_blank\">\r\n                                    Przemoc domowa wp\u0142ywa na dzieci (Polski)                                <\/a>\r\n                            <\/li>\r\n                                                    <li class=\"li--link\">\r\n                                <a href=\"https:\/\/veiligthuiszl.nl\/wp-content\/uploads\/2021\/11\/20210409-Poolse-folder-financieel-misbruik-van-ouderen.pdf\" target=\"_blank\">\r\n                                    Wyzysk finansowy os\u00f3b starszych (Polski)                                <\/a>\r\n                            <\/li>\r\n                                                    <li class=\"li--link\">\r\n                                <a href=\"https:\/\/veiligthuiszl.nl\/wp-content\/uploads\/2021\/11\/20210409-Poolse-folder-na-een-melding-veilig-thuis.pdf\" target=\"_blank\">\r\n                                    Po dokonaniu zg\u0142oszenia w Veilig Thuis (broszura) (Polski)                                <\/a>\r\n                            <\/li>\r\n                                                    <li class=\"li--link\">\r\n                                <a href=\"https:\/\/veiligthuiszl.nl\/wp-content\/uploads\/2021\/11\/20210409-Poolse-folder-ouderenmishandeling.pdf\" target=\"_blank\">\r\n                                    Przemoc wobec os\u00f3b starszych (Polski)                                <\/a>\r\n                            <\/li>\r\n                                            <\/ul>\r\n\r\n                \r\n            \r\n        <\/div>\r\n    <\/div>\r\n\r\n<\/div>\r\n\r\n<\/div>\n\n\r\n<div class=\"eye-block listcard \">\r\n\r\n    <div class=\"innercard card--white \">\r\n        <div class=\"row\">\r\n            <div class=\"col-lg\">\r\n                <h3>\u0645\u0646\u0634\u0648\u0631\u0627\u062a &#8211; Arabisch \/ \u0627\u0644\u0639\u0631\u0628\u064a\u0629<\/h3>\r\n                <div class=\"description\">\r\n                                    <\/div>\r\n        <\/div>\r\n\r\n            <\/div>\r\n\r\n    <div class=\"row\">\r\n        <div class=\"col-12\">\r\n\r\n            \r\n                \r\n                    <ul class=\"listcard__list\">\r\n                                                    <li class=\"li--link\">\r\n                                <a href=\"https:\/\/veiligthuiszl.nl\/wp-content\/uploads\/2021\/11\/201013_VT_vouwfolder_Arabisch-Zuid-Limburg.pdf\" target=\"_blank\">\r\n                                    About Safe Home (Arabisch\/\u0627\u0644\u0639\u0631\u0628\u064a\u0629)                                <\/a>\r\n                            <\/li>\r\n                                                    <li class=\"li--link\">\r\n                                <a href=\"https:\/\/veiligthuiszl.nl\/wp-content\/uploads\/2021\/11\/Algemeen-Arabisch-def.pdf\" target=\"_blank\">\r\n                                    General (Arabisch\/\u0627\u0644\u0639\u0631\u0628\u064a\u0629)                                <\/a>\r\n                            <\/li>\r\n                                                    <li class=\"li--link\">\r\n                                <a href=\"https:\/\/veiligthuiszl.nl\/wp-content\/uploads\/2021\/11\/Als-de-zorg-te-veel-is-Arabisch-def.pdf\" target=\"_blank\">\r\n                                    When care becomes a burden (Arabisch\/\u0627\u0644\u0639\u0631\u0628\u064a\u0629)                                <\/a>\r\n                            <\/li>\r\n                                                    <li class=\"li--link\">\r\n                                <a href=\"https:\/\/veiligthuiszl.nl\/wp-content\/uploads\/2021\/11\/Arabische-folder-Na-een-melding-Veilig-Thuis.pdf\" target=\"_blank\">\r\n                                    After a report to Safe Home (Arabisch\/\u0627\u0644\u0639\u0631\u0628\u064a\u0629)                                <\/a>\r\n                            <\/li>\r\n                                                    <li class=\"li--link\">\r\n                                <a href=\"https:\/\/veiligthuiszl.nl\/wp-content\/uploads\/2021\/11\/Arabische-folder-Ouderenmishandeling.pdf\" target=\"_blank\">\r\n                                    Elder abuse (Arabisch\/\u0627\u0644\u0639\u0631\u0628\u064a\u0629)                                <\/a>\r\n                            <\/li>\r\n                                                    <li class=\"li--link\">\r\n                                <a href=\"https:\/\/veiligthuiszl.nl\/wp-content\/uploads\/2021\/11\/Financieel-misbruik-van-ouderen-Arabisch-def.pdf\" target=\"_blank\">\r\n                                    Financial abuse (Arabisch\/\u0627\u0644\u0639\u0631\u0628\u064a\u0629)                                <\/a>\r\n                            <\/li>\r\n                                                    <li class=\"li--link\">\r\n                                <a href=\"https:\/\/veiligthuiszl.nl\/wp-content\/uploads\/2021\/11\/Geweld-raakt-kinderen-Arabisch-def.pdf\" target=\"_blank\">\r\n                                    Violence affects children (Arabisch\/\u0627\u0644\u0639\u0631\u0628\u064a\u0629)                                <\/a>\r\n                            <\/li>\r\n                                            <\/ul>\r\n\r\n                \r\n            \r\n        <\/div>\r\n    <\/div>\r\n\r\n<\/div>\r\n\r\n<\/div>\n\n\r\n<div class=\"eye-block listcard \">\r\n\r\n    <div class=\"innercard card--white \">\r\n        <div class=\"row\">\r\n            <div class=\"col-lg\">\r\n                <h3>Bro\u015f\u00fcrler &#8211; Turks \/ T\u00fcrk\u00e7e<\/h3>\r\n                <div class=\"description\">\r\n                                    <\/div>\r\n        <\/div>\r\n\r\n            <\/div>\r\n\r\n    <div class=\"row\">\r\n        <div class=\"col-12\">\r\n\r\n            \r\n                \r\n                    <ul class=\"listcard__list\">\r\n                                                    <li class=\"li--link\">\r\n                                <a href=\"https:\/\/veiligthuiszl.nl\/wp-content\/uploads\/2021\/11\/201013_VT_vouwfolder_Turks-Zuid-Limburg.pdf\" target=\"_blank\">\r\n                                    G\u00fcvenli Ev Hakk\u0131nda (Turkish\/T\u00fcrk\u00e7e)                                <\/a>\r\n                            <\/li>\r\n                                            <\/ul>\r\n\r\n                \r\n            \r\n        <\/div>\r\n    <\/div>\r\n\r\n<\/div>\r\n\r\n<\/div>","protected":false},"excerpt":{"rendered":"<p>Leaflets and signal cards<\/p>\n","protected":false},"author":3,"featured_media":0,"parent":0,"menu_order":0,"comment_status":"closed","ping_status":"closed","template":"","meta":{"_acf_changed":false,"ghostkit_customizer_options":"","ghostkit_custom_css":"","ghostkit_custom_js_head":"","ghostkit_custom_js_foot":"","ghostkit_typography":"","footnotes":""},"class_list":["post-5407","page","type-page","status-publish","hentry"],"acf":[],"yoast_head":"<!-- This site is optimized with the Yoast SEO plugin v27.1.1 - https:\/\/yoast.com\/product\/yoast-seo-wordpress\/ -->\n<title>Leaflets and signal cards &#8211; Veilig Thuis Zuid-Limburg<\/title>\n<meta name=\"robots\" content=\"index, follow, max-snippet:-1, max-image-preview:large, max-video-preview:-1\" \/>\n<link rel=\"canonical\" href=\"https:\/\/veiligthuiszl.nl\/en\/leaflets-and-signal-cards\/\" \/>\n<meta property=\"og:locale\" content=\"en_US\" \/>\n<meta property=\"og:type\" content=\"article\" \/>\n<meta property=\"og:title\" content=\"Leaflets and signal cards &#8211; Veilig Thuis Zuid-Limburg\" \/>\n<meta property=\"og:description\" content=\"Leaflets and signal cards\" \/>\n<meta property=\"og:url\" content=\"https:\/\/veiligthuiszl.nl\/en\/leaflets-and-signal-cards\/\" \/>\n<meta property=\"og:site_name\" content=\"Veilig Thuis Zuid-Limburg\" \/>\n<meta property=\"article:modified_time\" content=\"2022-05-04T09:49:31+00:00\" \/>\n<meta name=\"twitter:card\" content=\"summary_large_image\" \/>\n<meta name=\"twitter:label1\" content=\"Est. reading time\" \/>\n\t<meta name=\"twitter:data1\" content=\"1 minute\" \/>\n<script type=\"application\/ld+json\" class=\"yoast-schema-graph\">{\"@context\":\"https:\/\/schema.org\",\"@graph\":[{\"@type\":\"WebPage\",\"@id\":\"https:\/\/veiligthuiszl.nl\/en\/leaflets-and-signal-cards\/\",\"url\":\"https:\/\/veiligthuiszl.nl\/en\/leaflets-and-signal-cards\/\",\"name\":\"Leaflets and signal cards &#8211; Veilig Thuis Zuid-Limburg\",\"isPartOf\":{\"@id\":\"https:\/\/veiligthuiszl.nl\/#website\"},\"datePublished\":\"2022-05-04T09:48:48+00:00\",\"dateModified\":\"2022-05-04T09:49:31+00:00\",\"breadcrumb\":{\"@id\":\"https:\/\/veiligthuiszl.nl\/en\/leaflets-and-signal-cards\/#breadcrumb\"},\"inLanguage\":\"en-US\",\"potentialAction\":[{\"@type\":\"ReadAction\",\"target\":[\"https:\/\/veiligthuiszl.nl\/en\/leaflets-and-signal-cards\/\"]}]},{\"@type\":\"BreadcrumbList\",\"@id\":\"https:\/\/veiligthuiszl.nl\/en\/leaflets-and-signal-cards\/#breadcrumb\",\"itemListElement\":[{\"@type\":\"ListItem\",\"position\":1,\"name\":\"Home\",\"item\":\"https:\/\/veiligthuiszl.nl\/en\/\"},{\"@type\":\"ListItem\",\"position\":2,\"name\":\"Leaflets and signal cards\"}]},{\"@type\":\"WebSite\",\"@id\":\"https:\/\/veiligthuiszl.nl\/#website\",\"url\":\"https:\/\/veiligthuiszl.nl\/\",\"name\":\"Veilig Thuis Zuid-Limburg\",\"description\":\"Een veilig thuis, dat doen we samen!\",\"publisher\":{\"@id\":\"https:\/\/veiligthuiszl.nl\/#organization\"},\"potentialAction\":[{\"@type\":\"SearchAction\",\"target\":{\"@type\":\"EntryPoint\",\"urlTemplate\":\"https:\/\/veiligthuiszl.nl\/?s={search_term_string}\"},\"query-input\":{\"@type\":\"PropertyValueSpecification\",\"valueRequired\":true,\"valueName\":\"search_term_string\"}}],\"inLanguage\":\"en-US\"},{\"@type\":\"Organization\",\"@id\":\"https:\/\/veiligthuiszl.nl\/#organization\",\"name\":\"Veilig Thuis Zuid-Limburg\",\"url\":\"https:\/\/veiligthuiszl.nl\/\",\"logo\":{\"@type\":\"ImageObject\",\"inLanguage\":\"en-US\",\"@id\":\"https:\/\/veiligthuiszl.nl\/#\/schema\/logo\/image\/\",\"url\":\"https:\/\/veiligthuiszl.nl\/wp-content\/uploads\/2021\/11\/Artboard-1-1.png\",\"contentUrl\":\"https:\/\/veiligthuiszl.nl\/wp-content\/uploads\/2021\/11\/Artboard-1-1.png\",\"width\":500,\"height\":500,\"caption\":\"Veilig Thuis Zuid-Limburg\"},\"image\":{\"@id\":\"https:\/\/veiligthuiszl.nl\/#\/schema\/logo\/image\/\"}}]}<\/script>\n<!-- \/ Yoast SEO plugin. -->","yoast_head_json":{"title":"Leaflets and signal cards &#8211; Veilig Thuis Zuid-Limburg","robots":{"index":"index","follow":"follow","max-snippet":"max-snippet:-1","max-image-preview":"max-image-preview:large","max-video-preview":"max-video-preview:-1"},"canonical":"https:\/\/veiligthuiszl.nl\/en\/leaflets-and-signal-cards\/","og_locale":"en_US","og_type":"article","og_title":"Leaflets and signal cards &#8211; Veilig Thuis Zuid-Limburg","og_description":"Leaflets and signal cards","og_url":"https:\/\/veiligthuiszl.nl\/en\/leaflets-and-signal-cards\/","og_site_name":"Veilig Thuis Zuid-Limburg","article_modified_time":"2022-05-04T09:49:31+00:00","twitter_card":"summary_large_image","twitter_misc":{"Est. reading time":"1 minute"},"schema":{"@context":"https:\/\/schema.org","@graph":[{"@type":"WebPage","@id":"https:\/\/veiligthuiszl.nl\/en\/leaflets-and-signal-cards\/","url":"https:\/\/veiligthuiszl.nl\/en\/leaflets-and-signal-cards\/","name":"Leaflets and signal cards &#8211; Veilig Thuis Zuid-Limburg","isPartOf":{"@id":"https:\/\/veiligthuiszl.nl\/#website"},"datePublished":"2022-05-04T09:48:48+00:00","dateModified":"2022-05-04T09:49:31+00:00","breadcrumb":{"@id":"https:\/\/veiligthuiszl.nl\/en\/leaflets-and-signal-cards\/#breadcrumb"},"inLanguage":"en-US","potentialAction":[{"@type":"ReadAction","target":["https:\/\/veiligthuiszl.nl\/en\/leaflets-and-signal-cards\/"]}]},{"@type":"BreadcrumbList","@id":"https:\/\/veiligthuiszl.nl\/en\/leaflets-and-signal-cards\/#breadcrumb","itemListElement":[{"@type":"ListItem","position":1,"name":"Home","item":"https:\/\/veiligthuiszl.nl\/en\/"},{"@type":"ListItem","position":2,"name":"Leaflets and signal cards"}]},{"@type":"WebSite","@id":"https:\/\/veiligthuiszl.nl\/#website","url":"https:\/\/veiligthuiszl.nl\/","name":"Veilig Thuis Zuid-Limburg","description":"Een veilig thuis, dat doen we samen!","publisher":{"@id":"https:\/\/veiligthuiszl.nl\/#organization"},"potentialAction":[{"@type":"SearchAction","target":{"@type":"EntryPoint","urlTemplate":"https:\/\/veiligthuiszl.nl\/?s={search_term_string}"},"query-input":{"@type":"PropertyValueSpecification","valueRequired":true,"valueName":"search_term_string"}}],"inLanguage":"en-US"},{"@type":"Organization","@id":"https:\/\/veiligthuiszl.nl\/#organization","name":"Veilig Thuis Zuid-Limburg","url":"https:\/\/veiligthuiszl.nl\/","logo":{"@type":"ImageObject","inLanguage":"en-US","@id":"https:\/\/veiligthuiszl.nl\/#\/schema\/logo\/image\/","url":"https:\/\/veiligthuiszl.nl\/wp-content\/uploads\/2021\/11\/Artboard-1-1.png","contentUrl":"https:\/\/veiligthuiszl.nl\/wp-content\/uploads\/2021\/11\/Artboard-1-1.png","width":500,"height":500,"caption":"Veilig Thuis Zuid-Limburg"},"image":{"@id":"https:\/\/veiligthuiszl.nl\/#\/schema\/logo\/image\/"}}]}},"_links":{"self":[{"href":"https:\/\/veiligthuiszl.nl\/en\/wp-json\/wp\/v2\/pages\/5407","targetHints":{"allow":["GET"]}}],"collection":[{"href":"https:\/\/veiligthuiszl.nl\/en\/wp-json\/wp\/v2\/pages"}],"about":[{"href":"https:\/\/veiligthuiszl.nl\/en\/wp-json\/wp\/v2\/types\/page"}],"author":[{"embeddable":true,"href":"https:\/\/veiligthuiszl.nl\/en\/wp-json\/wp\/v2\/users\/3"}],"replies":[{"embeddable":true,"href":"https:\/\/veiligthuiszl.nl\/en\/wp-json\/wp\/v2\/comments?post=5407"}],"version-history":[{"count":7,"href":"https:\/\/veiligthuiszl.nl\/en\/wp-json\/wp\/v2\/pages\/5407\/revisions"}],"predecessor-version":[{"id":5421,"href":"https:\/\/veiligthuiszl.nl\/en\/wp-json\/wp\/v2\/pages\/5407\/revisions\/5421"}],"wp:attachment":[{"href":"https:\/\/veiligthuiszl.nl\/en\/wp-json\/wp\/v2\/media?parent=5407"}],"curies":[{"name":"wp","href":"https:\/\/api.w.org\/{rel}","templated":true}]}}